{"id":291,"date":"2024-02-22T09:54:28","date_gmt":"2024-02-22T07:54:28","guid":{"rendered":"https:\/\/demo7.ecube.lv\/remedium.lv\/?page_id=291"},"modified":"2026-04-09T14:59:58","modified_gmt":"2026-04-09T12:59:58","slug":"aesthetic-prosthetics","status":"publish","type":"page","link":"https:\/\/remedium.lv\/en\/aesthetic-prosthetics\/","title":{"rendered":"Aesthetic prosthetics"},"content":{"rendered":"\t\t<div data-elementor-type=\"wp-post\" data-elementor-id=\"291\" class=\"elementor elementor-291 elementor-82\" data-elementor-post-type=\"page\">\n\t\t\t\t<div data-particle_enable=\"false\" data-particle-mobile-disabled=\"false\" class=\"elementor-element elementor-element-40b1922 e-flex e-con-boxed e-con e-parent\" data-id=\"40b1922\" data-element_type=\"container\" data-e-type=\"container\">\n\t\t\t\t\t<div class=\"e-con-inner\">\n\t\t<div data-particle_enable=\"false\" data-particle-mobile-disabled=\"false\" class=\"elementor-element elementor-element-e77692e e-con-full e-flex e-con e-child\" data-id=\"e77692e\" data-element_type=\"container\" data-e-type=\"container\">\n\t\t\t\t<div class=\"elementor-element elementor-element-7d8931b elementor-widget elementor-widget-heading\" data-id=\"7d8931b\" data-element_type=\"widget\" data-e-type=\"widget\" data-widget_type=\"heading.default\">\n\t\t\t\t<div class=\"elementor-widget-container\">\n\t\t\t\t\t<h1 class=\"elementor-heading-title elementor-size-default\">Aesthetic prosthetics<\/h1>\t\t\t\t<\/div>\n\t\t\t\t<\/div>\n\t\t\t\t<div class=\"elementor-element elementor-element-a44bf67 elementor-widget elementor-widget-text-editor\" data-id=\"a44bf67\" data-element_type=\"widget\" data-e-type=\"widget\" data-widget_type=\"text-editor.default\">\n\t\t\t\t<div class=\"elementor-widget-container\">\n\t\t\t\t\t\t\t\t\t<p>If you have widened tooth gaps, pigment-like defects, too visible filling or one of the front teeth has changed color, these defects can be relatively easily corrected with porcelain veneers. Porcelain veneers imitate natural tooth enamel well. Besides, they are resistant to various environmental factors: coffee, tea, nicotine, etc., maintaining their intended color and shape. <\/p><p>In cases of major damage like trauma, caries, or significant wear, it is recommended to place a crown. It is a permanent metal-free structure made of either porcelain or zirconia. <\/p><p>Additionally, our clinic provides an opportunity to see what your smile will look like after the treatment. For that matter, we have a special dental treatment planning tool Digital Smile Design (DSD).<\/p><p>Clients of our clinic have access to loans for dental services <a href=\"https:\/\/www.luminor.lv\/en\/for-partners#consumer-loan-for-your-needs\" target=\"_blank\" rel=\"noopener\">on favorable terms.<\/a><\/p>\t\t\t\t\t\t\t\t<\/div>\n\t\t\t\t<\/div>\n\t\t\t\t<div class=\"elementor-element elementor-element-4cc5113 elementor-widget elementor-widget-eael-adv-accordion\" data-id=\"4cc5113\" data-element_type=\"widget\" data-e-type=\"widget\" data-widget_type=\"eael-adv-accordion.default\">\n\t\t\t\t<div class=\"elementor-widget-container\">\n\t\t\t\t\t            <div class=\"eael-adv-accordion\" id=\"eael-adv-accordion-4cc5113\" data-scroll-on-click=\"no\" data-scroll-speed=\"300\" data-accordion-id=\"4cc5113\" data-accordion-type=\"accordion\" data-toogle-speed=\"300\">\n            <div class=\"eael-accordion-list\">\n\t\t\t\t\t<div id=\"Porcelana-veniri\" class=\"elementor-tab-title eael-accordion-header active-default\" tabindex=\"0\" data-tab=\"1\" aria-controls=\"elementor-tab-content-8041\"><span class=\"eael-advanced-accordion-icon-closed\"><svg aria-hidden=\"true\" class=\"fa-accordion-icon e-font-icon-svg e-fas-plus\" viewBox=\"0 0 448 512\" xmlns=\"http:\/\/www.w3.org\/2000\/svg\"><path d=\"M416 208H272V64c0-17.67-14.33-32-32-32h-32c-17.67 0-32 14.33-32 32v144H32c-17.67 0-32 14.33-32 32v32c0 17.67 14.33 32 32 32h144v144c0 17.67 14.33 32 32 32h32c17.67 0 32-14.33 32-32V304h144c17.67 0 32-14.33 32-32v-32c0-17.67-14.33-32-32-32z\"><\/path><\/svg><\/span><span class=\"eael-advanced-accordion-icon-opened\"><svg aria-hidden=\"true\" class=\"fa-accordion-icon e-font-icon-svg e-fas-minus\" viewBox=\"0 0 448 512\" xmlns=\"http:\/\/www.w3.org\/2000\/svg\"><path d=\"M416 208H32c-17.67 0-32 14.33-32 32v32c0 17.67 14.33 32 32 32h384c17.67 0 32-14.33 32-32v-32c0-17.67-14.33-32-32-32z\"><\/path><\/svg><\/span><span class=\"eael-accordion-tab-title\">Porcelain veneers<\/span><svg aria-hidden=\"true\" class=\"fa-toggle e-font-icon-svg e-fas-angle-right\" viewBox=\"0 0 256 512\" xmlns=\"http:\/\/www.w3.org\/2000\/svg\"><path d=\"M224.3 273l-136 136c-9.4 9.4-24.6 9.4-33.9 0l-22.6-22.6c-9.4-9.4-9.4-24.6 0-33.9l96.4-96.4-96.4-96.4c-9.4-9.4-9.4-24.6 0-33.9L54.3 103c9.4-9.4 24.6-9.4 33.9 0l136 136c9.5 9.4 9.5 24.6.1 34z\"><\/path><\/svg><\/div><div id=\"elementor-tab-content-8041\" class=\"eael-accordion-content clearfix active-default\" data-tab=\"1\" aria-labelledby=\"Porcelana-veniri\"><p>Porcelain veneers are a relatively quick and aesthetically pleasing way to improve the appearance of your teeth. They are new, improved-looking front teeth that significantly improve your smile. <\/p>\n<p>A porcelain veneer is a thin ceramic plate that covers the surface of the tooth, improving the shape, color, and position of the tooth.<\/p>\n<p>Porcelain veneers are recommended in cases where the patient has widened tooth gaps, pigment-like defects, a too-visible filling or one of the teeth has changed color.<\/p>\n<p>First, the doctor grinds a thin layer of the teeth to be improved and scans the oral cavity to make porcelain plates.<\/p>\n<p>While the veneers are being made in the laboratory for permanent use, temporary veneers are placed on the patient. The finished porcelain veneer is usually bonded with dental cement. <\/p>\n<p>Price: from EUR 550.00<\/p>\n<\/div>\n\t\t\t\t\t<\/div><div class=\"eael-accordion-list\">\n\t\t\t\t\t<div id=\"keramikas-kroni\" class=\"elementor-tab-title eael-accordion-header\" tabindex=\"0\" data-tab=\"2\" aria-controls=\"elementor-tab-content-8042\"><span class=\"eael-advanced-accordion-icon-closed\"><svg aria-hidden=\"true\" class=\"fa-accordion-icon e-font-icon-svg e-fas-plus\" viewBox=\"0 0 448 512\" xmlns=\"http:\/\/www.w3.org\/2000\/svg\"><path d=\"M416 208H272V64c0-17.67-14.33-32-32-32h-32c-17.67 0-32 14.33-32 32v144H32c-17.67 0-32 14.33-32 32v32c0 17.67 14.33 32 32 32h144v144c0 17.67 14.33 32 32 32h32c17.67 0 32-14.33 32-32V304h144c17.67 0 32-14.33 32-32v-32c0-17.67-14.33-32-32-32z\"><\/path><\/svg><\/span><span class=\"eael-advanced-accordion-icon-opened\"><svg aria-hidden=\"true\" class=\"fa-accordion-icon e-font-icon-svg e-fas-minus\" viewBox=\"0 0 448 512\" xmlns=\"http:\/\/www.w3.org\/2000\/svg\"><path d=\"M416 208H32c-17.67 0-32 14.33-32 32v32c0 17.67 14.33 32 32 32h384c17.67 0 32-14.33 32-32v-32c0-17.67-14.33-32-32-32z\"><\/path><\/svg><\/span><span class=\"eael-accordion-tab-title\">Ceramic crowns<\/span><svg aria-hidden=\"true\" class=\"fa-toggle e-font-icon-svg e-fas-angle-right\" viewBox=\"0 0 256 512\" xmlns=\"http:\/\/www.w3.org\/2000\/svg\"><path d=\"M224.3 273l-136 136c-9.4 9.4-24.6 9.4-33.9 0l-22.6-22.6c-9.4-9.4-9.4-24.6 0-33.9l96.4-96.4-96.4-96.4c-9.4-9.4-9.4-24.6 0-33.9L54.3 103c9.4-9.4 24.6-9.4 33.9 0l136 136c9.5 9.4 9.5 24.6.1 34z\"><\/path><\/svg><\/div><div id=\"elementor-tab-content-8042\" class=\"eael-accordion-content clearfix\" data-tab=\"2\" aria-labelledby=\"keramikas-kroni\"><p>In cases when it\u2019s not possible to put a filling on the tooth or the loss of tooth tissue is greater than 50%, it is recommended to insert a dental crown.<\/p>\n<p>At the REMEDIUM clinic, we work with metal-free structures for these types of situations: ceramic or zirconium permanent dentures. Ceramic crowns fulfill their aesthetic function rather well, but it should be noted that they are less durable compared to zirconia. <\/p>\n<p>We generally recommend using ceramic crowns to restore front teeth, as they are less necessary for chewing food.<\/p>\n<p>Crowns can usually be placed in 2-4 visits, depending on a particular situation.<\/p>\n<p>Price: from EUR 550.00<\/p>\n<\/div>\n\t\t\t\t\t<\/div><div class=\"eael-accordion-list\">\n\t\t\t\t\t<div id=\"cirkonija-kroni\" class=\"elementor-tab-title eael-accordion-header\" tabindex=\"0\" data-tab=\"3\" aria-controls=\"elementor-tab-content-8043\"><span class=\"eael-advanced-accordion-icon-closed\"><svg aria-hidden=\"true\" class=\"fa-accordion-icon e-font-icon-svg e-fas-plus\" viewBox=\"0 0 448 512\" xmlns=\"http:\/\/www.w3.org\/2000\/svg\"><path d=\"M416 208H272V64c0-17.67-14.33-32-32-32h-32c-17.67 0-32 14.33-32 32v144H32c-17.67 0-32 14.33-32 32v32c0 17.67 14.33 32 32 32h144v144c0 17.67 14.33 32 32 32h32c17.67 0 32-14.33 32-32V304h144c17.67 0 32-14.33 32-32v-32c0-17.67-14.33-32-32-32z\"><\/path><\/svg><\/span><span class=\"eael-advanced-accordion-icon-opened\"><svg aria-hidden=\"true\" class=\"fa-accordion-icon e-font-icon-svg e-fas-minus\" viewBox=\"0 0 448 512\" xmlns=\"http:\/\/www.w3.org\/2000\/svg\"><path d=\"M416 208H32c-17.67 0-32 14.33-32 32v32c0 17.67 14.33 32 32 32h384c17.67 0 32-14.33 32-32v-32c0-17.67-14.33-32-32-32z\"><\/path><\/svg><\/span><span class=\"eael-accordion-tab-title\">Zirconia crowns<\/span><svg aria-hidden=\"true\" class=\"fa-toggle e-font-icon-svg e-fas-angle-right\" viewBox=\"0 0 256 512\" xmlns=\"http:\/\/www.w3.org\/2000\/svg\"><path d=\"M224.3 273l-136 136c-9.4 9.4-24.6 9.4-33.9 0l-22.6-22.6c-9.4-9.4-9.4-24.6 0-33.9l96.4-96.4-96.4-96.4c-9.4-9.4-9.4-24.6 0-33.9L54.3 103c9.4-9.4 24.6-9.4 33.9 0l136 136c9.5 9.4 9.5 24.6.1 34z\"><\/path><\/svg><\/div><div id=\"elementor-tab-content-8043\" class=\"eael-accordion-content clearfix\" data-tab=\"3\" aria-labelledby=\"cirkonija-kroni\"><p>Zirconia is a very durable material, ideal for such a toxic environment as the human oral cavity. Most often, zirconium crowns are used to hide tooth defects, prosthetic elements, or metal pins. Additionally, due to its biocompatible properties, zirconium does not cause allergies, receding gums, or crown discoloration. <\/p>\n<p>Zirconia crowns can be used for both incisors and back teeth. Depending on the specific situation, we use zirconium crowns made of zirconium oxide or a framework of the same material with ceramic on top. Thus, being able to provide an optimal combination of zirconium crowns for each patient.  <\/p>\n<p>Since today\u2019s digital technologies allow crowns to be embedded with very high precision, minimal grinding of the tooth tissue is required when installing a zirconia crown.<\/p>\n<p>Price: from EUR 440.00<\/p>\n<\/div>\n\t\t\t\t\t<\/div><div class=\"eael-accordion-list\">\n\t\t\t\t\t<div id=\"digitala-smaida\" class=\"elementor-tab-title eael-accordion-header\" tabindex=\"0\" data-tab=\"4\" aria-controls=\"elementor-tab-content-8044\"><span class=\"eael-advanced-accordion-icon-closed\"><svg aria-hidden=\"true\" class=\"fa-accordion-icon e-font-icon-svg e-fas-plus\" viewBox=\"0 0 448 512\" xmlns=\"http:\/\/www.w3.org\/2000\/svg\"><path d=\"M416 208H272V64c0-17.67-14.33-32-32-32h-32c-17.67 0-32 14.33-32 32v144H32c-17.67 0-32 14.33-32 32v32c0 17.67 14.33 32 32 32h144v144c0 17.67 14.33 32 32 32h32c17.67 0 32-14.33 32-32V304h144c17.67 0 32-14.33 32-32v-32c0-17.67-14.33-32-32-32z\"><\/path><\/svg><\/span><span class=\"eael-advanced-accordion-icon-opened\"><svg aria-hidden=\"true\" class=\"fa-accordion-icon e-font-icon-svg e-fas-minus\" viewBox=\"0 0 448 512\" xmlns=\"http:\/\/www.w3.org\/2000\/svg\"><path d=\"M416 208H32c-17.67 0-32 14.33-32 32v32c0 17.67 14.33 32 32 32h384c17.67 0 32-14.33 32-32v-32c0-17.67-14.33-32-32-32z\"><\/path><\/svg><\/span><span class=\"eael-accordion-tab-title\">Digital smile modeling<\/span><svg aria-hidden=\"true\" class=\"fa-toggle e-font-icon-svg e-fas-angle-right\" viewBox=\"0 0 256 512\" xmlns=\"http:\/\/www.w3.org\/2000\/svg\"><path d=\"M224.3 273l-136 136c-9.4 9.4-24.6 9.4-33.9 0l-22.6-22.6c-9.4-9.4-9.4-24.6 0-33.9l96.4-96.4-96.4-96.4c-9.4-9.4-9.4-24.6 0-33.9L54.3 103c9.4-9.4 24.6-9.4 33.9 0l136 136c9.5 9.4 9.5 24.6.1 34z\"><\/path><\/svg><\/div><div id=\"elementor-tab-content-8044\" class=\"eael-accordion-content clearfix\" data-tab=\"4\" aria-labelledby=\"digitala-smaida\"><p>Modern technologies provide an opportunity for the client to design his future possible smile using an innovative dental treatment planning tool DSD (Digital Smile Design). For example: What would I look like if I didn\u2019t have a gap between my front teeth? <\/p>\n<p>By using video, photo, X-ray, and three-dimensional (3D) images, it is possible to visualize the desired final result even before starting the treatment. Thus, it is possible to get a comprehensive picture of the appearance of the teeth BEFORE and AFTER, as well as to get a complete picture of the work to be done. <\/p>\n<p>The entire procedure is usually included in one visit which can take up to 30 min.<\/p>\n<p>Price: from EUR 130.00<\/p>\n<\/div>\n\t\t\t\t\t<\/div><\/div>\t\t\t\t<\/div>\n\t\t\t\t<\/div>\n\t\t\t\t<\/div>\n\t\t<div data-particle_enable=\"false\" data-particle-mobile-disabled=\"false\" class=\"elementor-element elementor-element-e480b27 e-con-full e-flex e-con e-child\" data-id=\"e480b27\" data-element_type=\"container\" data-e-type=\"container\">\n\t\t\t\t<div class=\"elementor-element elementor-element-220f537 elementor-widget elementor-widget-image\" data-id=\"220f537\" data-element_type=\"widget\" data-e-type=\"widget\" data-widget_type=\"image.default\">\n\t\t\t\t<div class=\"elementor-widget-container\">\n\t\t\t\t\t\t\t\t\t\t\t\t\t\t\t<img fetchpriority=\"high\" decoding=\"async\" width=\"1194\" height=\"781\" src=\"https:\/\/remedium.lv\/wp-content\/uploads\/2024\/07\/Remedium-klinika-Estetiska-protezesana-1.jpg\" class=\"attachment-full size-full wp-image-2171\" alt=\"\" srcset=\"https:\/\/remedium.lv\/wp-content\/uploads\/2024\/07\/Remedium-klinika-Estetiska-protezesana-1.jpg 1194w, https:\/\/remedium.lv\/wp-content\/uploads\/2024\/07\/Remedium-klinika-Estetiska-protezesana-1-300x196.jpg 300w, https:\/\/remedium.lv\/wp-content\/uploads\/2024\/07\/Remedium-klinika-Estetiska-protezesana-1-1024x670.jpg 1024w, https:\/\/remedium.lv\/wp-content\/uploads\/2024\/07\/Remedium-klinika-Estetiska-protezesana-1-768x502.jpg 768w\" sizes=\"(max-width: 1194px) 100vw, 1194px\" title=\"\">\t\t\t\t\t\t\t\t\t\t\t\t\t\t\t<\/div>\n\t\t\t\t<\/div>\n\t\t\t\t<div class=\"elementor-element elementor-element-7c01d38 elementor-arrows-position-inside elementor-pagination-position-outside elementor-widget elementor-widget-image-carousel\" data-id=\"7c01d38\" data-element_type=\"widget\" data-e-type=\"widget\" data-settings=\"{&quot;navigation&quot;:&quot;both&quot;,&quot;autoplay&quot;:&quot;yes&quot;,&quot;pause_on_hover&quot;:&quot;yes&quot;,&quot;pause_on_interaction&quot;:&quot;yes&quot;,&quot;autoplay_speed&quot;:5000,&quot;infinite&quot;:&quot;yes&quot;,&quot;speed&quot;:500}\" data-widget_type=\"image-carousel.default\">\n\t\t\t\t<div class=\"elementor-widget-container\">\n\t\t\t\t\t\t\t<div class=\"elementor-image-carousel-wrapper swiper\" role=\"region\" aria-roledescription=\"carousel\" aria-label=\"Image Carousel\" dir=\"ltr\">\n\t\t\t<div class=\"elementor-image-carousel swiper-wrapper\" aria-live=\"off\">\n\t\t\t\t\t\t\t\t<div class=\"swiper-slide\" role=\"group\" aria-roledescription=\"slide\" aria-label=\"1 of 4\"><a data-elementor-open-lightbox=\"yes\" data-elementor-lightbox-slideshow=\"7c01d38\" data-elementor-lightbox-title=\"Remedium-kl\u012bnika-Est\u0113tisk\u0101-protez\u0113\u0161ana (1)\" data-e-action-hash=\"#elementor-action%3Aaction%3Dlightbox%26settings%3DeyJpZCI6MjE3MSwidXJsIjoiaHR0cHM6XC9cL3JlbWVkaXVtLmx2XC93cC1jb250ZW50XC91cGxvYWRzXC8yMDI0XC8wN1wvUmVtZWRpdW0ta2xpbmlrYS1Fc3RldGlza2EtcHJvdGV6ZXNhbmEtMS5qcGciLCJzbGlkZXNob3ciOiI3YzAxZDM4In0%3D\" href=\"https:\/\/remedium.lv\/wp-content\/uploads\/2024\/07\/Remedium-klinika-Estetiska-protezesana-1.jpg\"><figure class=\"swiper-slide-inner\"><img decoding=\"async\" class=\"swiper-slide-image\" src=\"https:\/\/remedium.lv\/wp-content\/uploads\/2024\/07\/Remedium-klinika-Estetiska-protezesana-1-150x150.jpg\" alt=\"Remedium-kl\u012bnika-Est\u0113tisk\u0101-protez\u0113\u0161ana (1)\" title=\"\"><\/figure><\/a><\/div><div class=\"swiper-slide\" role=\"group\" aria-roledescription=\"slide\" aria-label=\"2 of 4\"><a data-elementor-open-lightbox=\"yes\" data-elementor-lightbox-slideshow=\"7c01d38\" data-elementor-lightbox-title=\"Remedium-kl\u012bnika-Est\u0113tisk\u0101-protez\u0113\u0161ana (2)\" data-e-action-hash=\"#elementor-action%3Aaction%3Dlightbox%26settings%3DeyJpZCI6MjE3NCwidXJsIjoiaHR0cHM6XC9cL3JlbWVkaXVtLmx2XC93cC1jb250ZW50XC91cGxvYWRzXC8yMDI0XC8wN1wvUmVtZWRpdW0ta2xpbmlrYS1Fc3RldGlza2EtcHJvdGV6ZXNhbmEtMi5qcGciLCJzbGlkZXNob3ciOiI3YzAxZDM4In0%3D\" href=\"https:\/\/remedium.lv\/wp-content\/uploads\/2024\/07\/Remedium-klinika-Estetiska-protezesana-2.jpg\"><figure class=\"swiper-slide-inner\"><img decoding=\"async\" class=\"swiper-slide-image\" src=\"https:\/\/remedium.lv\/wp-content\/uploads\/2024\/07\/Remedium-klinika-Estetiska-protezesana-2-150x150.jpg\" alt=\"Remedium-kl\u012bnika-Est\u0113tisk\u0101-protez\u0113\u0161ana (2)\" title=\"\"><\/figure><\/a><\/div><div class=\"swiper-slide\" role=\"group\" aria-roledescription=\"slide\" aria-label=\"3 of 4\"><a data-elementor-open-lightbox=\"yes\" data-elementor-lightbox-slideshow=\"7c01d38\" data-elementor-lightbox-title=\"Remedium-kl\u012bnika-Est\u0113tisk\u0101-protez\u0113\u0161ana (3)\" data-e-action-hash=\"#elementor-action%3Aaction%3Dlightbox%26settings%3DeyJpZCI6MjE3NywidXJsIjoiaHR0cHM6XC9cL3JlbWVkaXVtLmx2XC93cC1jb250ZW50XC91cGxvYWRzXC8yMDI0XC8wN1wvUmVtZWRpdW0ta2xpbmlrYS1Fc3RldGlza2EtcHJvdGV6ZXNhbmEtMy5qcGciLCJzbGlkZXNob3ciOiI3YzAxZDM4In0%3D\" href=\"https:\/\/remedium.lv\/wp-content\/uploads\/2024\/07\/Remedium-klinika-Estetiska-protezesana-3.jpg\"><figure class=\"swiper-slide-inner\"><img decoding=\"async\" class=\"swiper-slide-image\" src=\"https:\/\/remedium.lv\/wp-content\/uploads\/2024\/07\/Remedium-klinika-Estetiska-protezesana-3-150x150.jpg\" alt=\"Remedium-kl\u012bnika-Est\u0113tisk\u0101-protez\u0113\u0161ana (3)\" title=\"\"><\/figure><\/a><\/div><div class=\"swiper-slide\" role=\"group\" aria-roledescription=\"slide\" aria-label=\"4 of 4\"><a data-elementor-open-lightbox=\"yes\" data-elementor-lightbox-slideshow=\"7c01d38\" data-elementor-lightbox-title=\"Remedium-kl\u012bnika-Est\u0113tisk\u0101-protez\u0113\u0161ana (4)\" data-e-action-hash=\"#elementor-action%3Aaction%3Dlightbox%26settings%3DeyJpZCI6MjE4MCwidXJsIjoiaHR0cHM6XC9cL3JlbWVkaXVtLmx2XC93cC1jb250ZW50XC91cGxvYWRzXC8yMDI0XC8wN1wvUmVtZWRpdW0ta2xpbmlrYS1Fc3RldGlza2EtcHJvdGV6ZXNhbmEtNC5qcGciLCJzbGlkZXNob3ciOiI3YzAxZDM4In0%3D\" href=\"https:\/\/remedium.lv\/wp-content\/uploads\/2024\/07\/Remedium-klinika-Estetiska-protezesana-4.jpg\"><figure class=\"swiper-slide-inner\"><img decoding=\"async\" class=\"swiper-slide-image\" src=\"https:\/\/remedium.lv\/wp-content\/uploads\/2024\/07\/Remedium-klinika-Estetiska-protezesana-4-150x150.jpg\" alt=\"Remedium-kl\u012bnika-Est\u0113tisk\u0101-protez\u0113\u0161ana (4)\" title=\"\"><\/figure><\/a><\/div>\t\t\t<\/div>\n\t\t\t\t\t\t\t\t\t\t\t\t<div class=\"elementor-swiper-button elementor-swiper-button-prev\" role=\"button\" tabindex=\"0\">\n\t\t\t\t\t\t<svg aria-hidden=\"true\" class=\"e-font-icon-svg e-eicon-chevron-left\" viewBox=\"0 0 1000 1000\" xmlns=\"http:\/\/www.w3.org\/2000\/svg\"><path d=\"M646 125C629 125 613 133 604 142L308 442C296 454 292 471 292 487 292 504 296 521 308 533L604 854C617 867 629 875 646 875 663 875 679 871 692 858 704 846 713 829 713 812 713 796 708 779 692 767L438 487 692 225C700 217 708 204 708 187 708 171 704 154 692 142 675 129 663 125 646 125Z\"><\/path><\/svg>\t\t\t\t\t<\/div>\n\t\t\t\t\t<div class=\"elementor-swiper-button elementor-swiper-button-next\" role=\"button\" tabindex=\"0\">\n\t\t\t\t\t\t<svg aria-hidden=\"true\" class=\"e-font-icon-svg e-eicon-chevron-right\" viewBox=\"0 0 1000 1000\" xmlns=\"http:\/\/www.w3.org\/2000\/svg\"><path d=\"M696 533C708 521 713 504 713 487 713 471 708 454 696 446L400 146C388 133 375 125 354 125 338 125 325 129 313 142 300 154 292 171 292 187 292 204 296 221 308 233L563 492 304 771C292 783 288 800 288 817 288 833 296 850 308 863 321 871 338 875 354 875 371 875 388 867 400 854L696 533Z\"><\/path><\/svg>\t\t\t\t\t<\/div>\n\t\t\t\t\n\t\t\t\t\t\t\t\t\t<div class=\"swiper-pagination\"><\/div>\n\t\t\t\t\t\t\t\t\t<\/div>\n\t\t\t\t\t\t<\/div>\n\t\t\t\t<\/div>\n\t\t\t\t<\/div>\n\t\t\t\t\t<\/div>\n\t\t\t\t<\/div>\n\t\t<div data-particle_enable=\"false\" data-particle-mobile-disabled=\"false\" class=\"elementor-element elementor-element-159a944 e-flex e-con-boxed e-con e-parent\" data-id=\"159a944\" data-element_type=\"container\" data-e-type=\"container\">\n\t\t\t\t\t<div class=\"e-con-inner\">\n\t\t\t\t\t<\/div>\n\t\t\t\t<\/div>\n\t\t\t\t<\/div>\n\t\t","protected":false},"excerpt":{"rendered":"<p>Aesthetic prosthetics If you have widened tooth gaps, pigment-like defects, too visible filling or one of the front teeth has changed color, these defects can be relatively easily corrected with porcelain veneers. Porcelain veneers imitate natural tooth enamel well. Besides, they are resistant to various environmental factors: coffee, tea, nicotine, etc., maintaining their intended color [&hellip;]<\/p>\n","protected":false},"author":5,"featured_media":0,"parent":0,"menu_order":0,"comment_status":"closed","ping_status":"closed","template":"","meta":{"footnotes":""},"class_list":["post-291","page","type-page","status-publish","hentry"],"_links":{"self":[{"href":"https:\/\/remedium.lv\/en\/wp-json\/wp\/v2\/pages\/291","targetHints":{"allow":["GET"]}}],"collection":[{"href":"https:\/\/remedium.lv\/en\/wp-json\/wp\/v2\/pages"}],"about":[{"href":"https:\/\/remedium.lv\/en\/wp-json\/wp\/v2\/types\/page"}],"author":[{"embeddable":true,"href":"https:\/\/remedium.lv\/en\/wp-json\/wp\/v2\/users\/5"}],"replies":[{"embeddable":true,"href":"https:\/\/remedium.lv\/en\/wp-json\/wp\/v2\/comments?post=291"}],"version-history":[{"count":76,"href":"https:\/\/remedium.lv\/en\/wp-json\/wp\/v2\/pages\/291\/revisions"}],"predecessor-version":[{"id":4976,"href":"https:\/\/remedium.lv\/en\/wp-json\/wp\/v2\/pages\/291\/revisions\/4976"}],"wp:attachment":[{"href":"https:\/\/remedium.lv\/en\/wp-json\/wp\/v2\/media?parent=291"}],"curies":[{"name":"wp","href":"https:\/\/api.w.org\/{rel}","templated":true}]}}